{"id":13,"date":"2017-11-29T09:22:50","date_gmt":"2017-11-29T09:22:50","guid":{"rendered":"http:\/\/bridge120.qodeinteractive.com\/?page_id=13"},"modified":"2021-10-12T05:27:24","modified_gmt":"2021-10-12T05:27:24","slug":"inicio","status":"publish","type":"page","link":"http:\/\/www.internacionalcrucero.com\/","title":{"rendered":"Inicio"},"content":{"rendered":"<p>[vc_row css_animation=\u00bb\u00bb row_type=\u00bbrow\u00bb use_row_as_full_screen_section=\u00bbno\u00bb type=\u00bbgrid\u00bb angled_section=\u00bbno\u00bb text_align=\u00bbcenter\u00bb background_image_as_pattern=\u00bbwithout_pattern\u00bb z_index=\u00bb\u00bb][vc_column css=\u00bb.vc_custom_1512141691884{margin-top: -124px !important;}\u00bb offset=\u00bbvc_col-lg-4 vc_col-md-12&#8243;][vc_empty_space height=\u00bb123px\u00bb][vc_column_text]<\/p>\n<p style=\"text-align: center;\"><strong>Call Center: 980 507 159<\/strong><\/p>\n<p>[\/vc_column_text][vc_gallery interval=\u00bb3&#8243; images=\u00bb422&#8243;][vc_empty_space height=\u00bb130px\u00bb][\/vc_column][vc_column css=\u00bb.vc_custom_1512141685098{margin-top: -124px !important;}\u00bb offset=\u00bbvc_col-lg-4 vc_col-md-12&#8243;][vc_empty_space height=\u00bb123px\u00bb][vc_column_text]<\/p>\n<h4 style=\"text-align: center;\"><a href=\"https:\/\/www.internacionalcrucero.com.pe\/\" target=\"_blank\" rel=\"noopener\">\ud83c\uddf5\ud83c\uddeaCompra tu pasaje por nuestra App y Web<\/a><\/h4>\n<p>[\/vc_column_text][vc_gallery interval=\u00bb3&#8243; images=\u00bb416&#8243; onclick=\u00bbcustom_link\u00bb custom_links_target=\u00bb_blank\u00bb custom_links=\u00bb#E-8_aHR0cHMlM0ElMkYlMkZ3d3cuaW50ZXJuYWNpb25hbGNydWNlcm8uY29tLnBlJTJG\u00bb][vc_empty_space height=\u00bb130px\u00bb][\/vc_column][vc_column css=\u00bb.vc_custom_1512141679565{margin-top: -124px !important;}\u00bb offset=\u00bbvc_col-lg-4 vc_col-md-12&#8243;][vc_empty_space height=\u00bb123px\u00bb][vc_column_text]<\/p>\n<p style=\"text-align: center;\"><strong>Estamos en el Terminal #RoncoPer\u00fa<\/strong><\/p>\n<p>[\/vc_column_text][vc_single_image image=\u00bb389&#8243; img_size=\u00bbfull\u00bb onclick=\u00bbcustom_link\u00bb img_link_target=\u00bb_blank\u00bb qode_css_animation=\u00bb\u00bb link=\u00bbhttps:\/\/goo.gl\/maps\/BPXUszGncRvKa6QEA\u00bb][vc_empty_space height=\u00bb130px\u00bb][vc_empty_space height=\u00bb130px\u00bb][vc_column_text].[\/vc_column_text][vc_empty_space height=\u00bb130px\u00bb][\/vc_column][\/vc_row][vc_row css_animation=\u00bb\u00bb row_type=\u00bbrow\u00bb use_row_as_full_screen_section=\u00bbno\u00bb type=\u00bbgrid\u00bb angled_section=\u00bbno\u00bb text_align=\u00bbleft\u00bb background_image_as_pattern=\u00bbwithout_pattern\u00bb z_index=\u00bb\u00bb css=\u00bb.vc_custom_1512141652611{padding-top: 20px !important;padding-bottom: 50px !important;background-image: url(http:\/\/bridge120.qodeinteractive.com\/wp-content\/uploads\/2017\/11\/home-background-image-1a.png?id=84) !important;}\u00bb][vc_column offset=\u00bbvc_col-lg-6 vc_col-md-12&#8243;][qode_elements_holder number_of_columns=\u00bbone_column\u00bb][qode_elements_holder_item item_padding=\u00bb5% 17% 24% 0&#8243; advanced_animations=\u00bbno\u00bb item_padding_1024_1280=\u00bb0% 0% 24% 0&#8243; item_padding_768_1024=\u00bb0% 30% 5% 0&#8243;][vc_column_text]<\/p>\n<h2><span class='highlight' style='color: #222222; background-color:transparent;'>ll\u00e1manos al &#8211;&gt;<\/span><span class='highlight' style='color: #222222; background-color:transparent;'>989 244 036<\/span> Realiza tus Env\u00edos!<\/h2>\n<p>[\/vc_column_text][vc_empty_space height=\u00bb28px\u00bb][vc_column_text]<\/p>\n<h4>\ud83d\udc49 Ya Abrimos Agencia en Trujillo<br \/>\n\ud83d\udccc Calle Jos\u00e9 Joaqu\u00edn Incl\u00e1n Mz-\u00abB\u00bb lote-55 Trujillo<br \/>\naqu\u00ed \u27a1\ufe0f Contactos:<br \/>\n\ud83d\udcf2 (WhatsApp): 940-986-809<br \/>\n\ud83d\udd37Encomiendas y Carga<\/h4>\n<p>[\/vc_column_text][vc_empty_space height=\u00bb40px\u00bb]<a  itemprop=\"url\" href=\"#\" target=\"_self\" data-hover-background-color=#121211 data-hover-color=#ffffff class=\"qbutton  small center default\" style=\"color: #ffffff; background-color: #252525;\">MAS<\/a>[\/qode_elements_holder_item][\/qode_elements_holder][\/vc_column][vc_column offset=\u00bbvc_col-lg-6 vc_col-md-12&#8243;]<div class=\"qode_video_box\">\r\n\t<a itemprop=\"image\" class=\"qode_video_image\" href=\"https:\/\/youtu.be\/tALJeLTaoCY\" data-rel=\"prettyPhoto\">\r\n\t\t\t\r\n\t\t\t<img decoding=\"async\" src=\"http:\/\/www.internacionalcrucero.com\/wp-content\/uploads\/2017\/11\/video-background.png\" \/>\r\n\t\t\t<span class=\"qode_video_box_button_holder\">\r\n\t\t\t\t<span class=\"qode_video_box_button\">\r\n\t\t\t\t\t<span class=\"qode_video_box_button_arrow\">\r\n\t\t\t\t\t<\/span>\r\n\t\t\t\t<\/span>\r\n\t\t\t<\/span>\r\n\t\t\t<\/a>\r\n<\/div>[vc_empty_space height=\u00bb50px\u00bb][\/vc_column][\/vc_row][vc_row row_type=\u00bbparallax\u00bb parallax_content_width=\u00bbin_grid\u00bb text_align=\u00bbleft\u00bb background_image=\u00bb405&#8243; full_screen_section_height=\u00bbno\u00bb][vc_column][vc_row_inner row_type=\u00bbrow\u00bb type=\u00bbgrid\u00bb text_align=\u00bbleft\u00bb css_animation=\u00bb\u00bb][vc_column_inner][vc_empty_space height=\u00bb148px\u00bb][qode_elements_holder number_of_columns=\u00bbone_column\u00bb][qode_elements_holder_item item_padding=\u00bb0px 17% 0 17%\u00bb advanced_animations=\u00bbno\u00bb]<div class='testimonials_holder clearfix dark'><div class=\"testimonials testimonials_carousel\" data-show-navigation=\"yes\" data-animation-type=\"fade\" data-animation-speed=\"\" data-auto-rotate-slides=\"3\" data-number-per-slide=\"1\"><ul class=\"slides\"><li id=\"testimonials91\" class=\"testimonial_content\"><div class=\"testimonial_content_inner\"><div class=\"testimonial_image_holder\"><img decoding=\"async\" itemprop=\"image\" src=\"\" \/><\/div><div class=\"testimonial_text_holder\"><div class=\"testimonial_text_inner\" style=\"\"><p><\/p><p class=\"testimonial_author\" style=\"\">Call Center 980 507 159<\/p><\/div><\/div><\/div><\/li><li id=\"testimonials89\" class=\"testimonial_content\"><div class=\"testimonial_content_inner\"><div class=\"testimonial_image_holder\"><img decoding=\"async\" itemprop=\"image\" src=\"\" \/><\/div><div class=\"testimonial_text_holder\"><div class=\"testimonial_text_inner\" style=\"\"><p><\/p><p class=\"testimonial_author\" style=\"\">Pasajes 948 606 437<\/p><\/div><\/div><\/div><\/li><li id=\"testimonials88\" class=\"testimonial_content\"><div class=\"testimonial_content_inner\"><div class=\"testimonial_image_holder\"><img decoding=\"async\" itemprop=\"image\" src=\"\" \/><\/div><div class=\"testimonial_text_holder\"><div class=\"testimonial_text_inner\" style=\"\"><p><\/p><p class=\"testimonial_author\" style=\"\">Carga 989 244 036<\/p><\/div><\/div><\/div><\/li><\/ul><\/div><\/div>[\/qode_elements_holder_item][\/qode_elements_holder][vc_empty_space height=\u00bb136px\u00bb][\/vc_column_inner][\/vc_row_inner][\/vc_column][\/vc_row][vc_row css_animation=\u00bb\u00bb row_type=\u00bbrow\u00bb use_row_as_full_screen_section=\u00bbno\u00bb type=\u00bbgrid\u00bb angled_section=\u00bbno\u00bb text_align=\u00bbcenter\u00bb background_image_as_pattern=\u00bbwithout_pattern\u00bb z_index=\u00bb\u00bb css=\u00bb.vc_custom_1512056270074{padding-top: 103px !important;}\u00bb][vc_column][vc_column_text]<\/p>\n<h1><span class='highlight' style='color: #222222; background-color:transparent;'>Encomiendas &amp; Carga <\/span><span class='highlight' style='color: #222222; background-color:transparent;'> 989 244 036.\u00a0 <\/span><\/h1>\n<p>[\/vc_column_text][vc_empty_space height=\u00bb25px\u00bb][qode_elements_holder number_of_columns=\u00bbone_column\u00bb][qode_elements_holder_item item_padding=\u00bb0 22% 0 22%\u00bb advanced_animations=\u00bbno\u00bb item_padding_768_1024=\u00bb0 16% 0 16%\u00bb item_padding_480=\u00bb0 0% 0 0%\u00bb][vc_column_text]<\/p>\n<h4 style=\"text-align: center;\">Realizamos todo tipo de transporte de mercanc\u00edas por carretera. Cubrimos todo el Centro y Norte Peruano.<\/h4>\n<p>[\/vc_column_text][\/qode_elements_holder_item][\/qode_elements_holder][\/vc_column][\/vc_row][vc_row css_animation=\u00bb\u00bb row_type=\u00bbrow\u00bb use_row_as_full_screen_section=\u00bbno\u00bb type=\u00bbgrid\u00bb angled_section=\u00bbno\u00bb text_align=\u00bbleft\u00bb background_image_as_pattern=\u00bbwithout_pattern\u00bb z_index=\u00bb\u00bb css=\u00bb.vc_custom_1512119515015{padding-top: 66px !important;padding-bottom: 68px !important;}\u00bb][vc_column offset=\u00bbvc_col-lg-4 vc_col-md-4&#8243;][vc_single_image image=\u00bb448&#8243; img_size=\u00bbfull\u00bb qode_css_animation=\u00bb\u00bb][vc_empty_space height=\u00bb17px\u00bb][vc_column_text]<\/p>\n<h3>Env\u00edos<\/h3>\n<p>[\/vc_column_text][vc_empty_space height=\u00bb8px\u00bb][vc_column_text]\ud83d\udc49Servicio seguro para sus env\u00edos de mercader\u00eda. Cubrimos los destinos: Hu\u00e1nuco, Ambo, San Rafael, Lima, Trujillo, Chiclayo, Ferre\u00f1afe, Piura, Catacaos, La Uni\u00f3n, La Arena, Sechura, Chulucanas, Morrop\u00f3n, Jayanca. Olmos.<br \/>\n\ud83d\udcf2 (WhatsApp): 989063-820<br \/>\n\ud83d\udce7 Correo: elmerexpreso@gmail.com[\/vc_column_text][vc_empty_space height=\u00bb50px\u00bb][\/vc_column][vc_column offset=\u00bbvc_col-lg-4 vc_col-md-4&#8243;][vc_single_image image=\u00bb450&#8243; img_size=\u00bbfull\u00bb qode_css_animation=\u00bb\u00bb][vc_empty_space height=\u00bb17px\u00bb][vc_column_text]<\/p>\n<h3>Traslados<\/h3>\n<p>[\/vc_column_text][vc_empty_space height=\u00bb8px\u00bb][vc_column_text]\ud83d\udc49Servicio de mudanza, traslado, embalaje, recojo y entrega a domicilio.<br \/>\naqu\u00ed \u27a1\ufe0f Contactos:<br \/>\n\ud83d\udcf2 (WhatsApp): 989063-820<br \/>\n\ud83d\udce7 Correo: elmerexpreso@gmail.com[\/vc_column_text][vc_empty_space height=\u00bb50px\u00bb][\/vc_column][vc_column offset=\u00bbvc_col-lg-4 vc_col-md-4&#8243;][vc_single_image image=\u00bb452&#8243; img_size=\u00bbfull\u00bb qode_css_animation=\u00bb\u00bb][vc_empty_space height=\u00bb17px\u00bb][vc_column_text]<\/p>\n<h3>Carga<\/h3>\n<p>[\/vc_column_text][vc_empty_space height=\u00bb8px\u00bb][vc_column_text]Soluci\u00f3n, completa, segura y econ\u00f3mica para el transporte de tu carga.<br \/>\naqu\u00ed \u27a1\ufe0f Contactos:<br \/>\n\ud83d\udcf2 (WhatsApp): 989063-820<br \/>\n\ud83d\udd37Encomiendas y Carga<br \/>\n\ud83d\udce7 Correo: elmerexpreso@gmail.com[\/vc_column_text][vc_empty_space height=\u00bb50px\u00bb][\/vc_column][\/vc_row][vc_row css_animation=\u00bb\u00bb row_type=\u00bbrow\u00bb use_row_as_full_screen_section=\u00bbno\u00bb type=\u00bbfull_width\u00bb angled_section=\u00bbno\u00bb text_align=\u00bbleft\u00bb background_image_as_pattern=\u00bbwithout_pattern\u00bb][vc_column]<div class=\"call_to_action with_icon\" style=\"background-color: #31f41f;padding-top: 55px;padding-bottom: 55px;\"><div class=\"container_inner\"><div class=\"two_columns_75_25 clearfix\"><div class=\"text_wrapper column1\"><div class=\"call_to_action_icon_holder\"><div class=\"call_to_action_icon\"><div class=\"call_to_action_icon_inner\"><img decoding=\"async\" itemprop=\"image\" src=\"http:\/\/www.internacionalcrucero.com\/wp-content\/uploads\/2017\/12\/call-to-action-image.png\" alt=\"\"><\/div><\/div><\/div><div class=\"call_to_action_text \" style=\"\">\n<h3>Hu\u00e1nuco &#8211; Lima &#8211; Oyot\u00fan &#8211; Cayalt\u00ed &#8211; Chiclayo<\/h3>\n<\/div><\/div><div class=\"button_wrapper column2\"><a itemprop=\"url\" href=\"#\" class=\"qbutton white large\" target=\"_self\" style=\"color: #222222;border-color: #ffffff;background-color: #ffffff;\"data-hover-background-color=rgba(255,255,255,0.95) data-hover-border-color=rgba(255,255,255,0.95) data-hover-color=#222222> \ud83d\udcf2 989 244 036 CARGA \ud83d\ude9b\ud83d\udce6\ud83c\uddf5\ud83c\uddea<\/a><\/div><\/div><\/div><\/div>[\/vc_column][\/vc_row]<\/p>\n","protected":false},"excerpt":{"rendered":"<p>[vc_row css_animation=\u00bb\u00bb row_type=\u00bbrow\u00bb use_row_as_full_screen_section=\u00bbno\u00bb type=\u00bbgrid\u00bb angled_section=\u00bbno\u00bb text_align=\u00bbcenter\u00bb background_image_as_pattern=\u00bbwithout_pattern\u00bb z_index=\u00bb\u00bb][vc_column css=\u00bb.vc_custom_1512141691884{margin-top: -124px !important;}\u00bb offset=\u00bbvc_col-lg-4 vc_col-md-12&#8243;][vc_empty_space height=\u00bb123px\u00bb][vc_column_text] Call Center: 980 507 159 [\/vc_column_text][vc_gallery interval=\u00bb3&#8243; images=\u00bb422&#8243;][vc_empty_space height=\u00bb130px\u00bb][\/vc_column][vc_column css=\u00bb.vc_custom_1512141685098{margin-top: -124px !important;}\u00bb offset=\u00bbvc_col-lg-4 vc_col-md-12&#8243;][vc_empty_space height=\u00bb123px\u00bb][vc_column_text] \ud83c\uddf5\ud83c\uddeaCompra tu pasaje por nuestra App y Web [\/vc_column_text][vc_gallery interval=\u00bb3&#8243; images=\u00bb416&#8243; onclick=\u00bbcustom_link\u00bb custom_links_target=\u00bb_blank\u00bb custom_links=\u00bb#E-8_aHR0cHMlM0ElMkYlMkZ3d3cuaW50ZXJuYWNpb25hbGNydWNlcm8uY29tLnBlJTJG\u00bb][vc_empty_space height=\u00bb130px\u00bb][\/vc_column][vc_column&#8230;<\/p>\n","protected":false},"author":1,"featured_media":0,"parent":0,"menu_order":0,"comment_status":"closed","ping_status":"closed","template":"full_width.php","meta":{"footnotes":""},"class_list":["post-13","page","type-page","status-publish","hentry"],"_links":{"self":[{"href":"http:\/\/www.internacionalcrucero.com\/index.php\/wp-json\/wp\/v2\/pages\/13","targetHints":{"allow":["GET"]}}],"collection":[{"href":"http:\/\/www.internacionalcrucero.com\/index.php\/wp-json\/wp\/v2\/pages"}],"about":[{"href":"http:\/\/www.internacionalcrucero.com\/index.php\/wp-json\/wp\/v2\/types\/page"}],"author":[{"embeddable":true,"href":"http:\/\/www.internacionalcrucero.com\/index.php\/wp-json\/wp\/v2\/users\/1"}],"replies":[{"embeddable":true,"href":"http:\/\/www.internacionalcrucero.com\/index.php\/wp-json\/wp\/v2\/comments?post=13"}],"version-history":[{"count":89,"href":"http:\/\/www.internacionalcrucero.com\/index.php\/wp-json\/wp\/v2\/pages\/13\/revisions"}],"predecessor-version":[{"id":453,"href":"http:\/\/www.internacionalcrucero.com\/index.php\/wp-json\/wp\/v2\/pages\/13\/revisions\/453"}],"wp:attachment":[{"href":"http:\/\/www.internacionalcrucero.com\/index.php\/wp-json\/wp\/v2\/media?parent=13"}],"curies":[{"name":"wp","href":"https:\/\/api.w.org\/{rel}","templated":true}]}}